{"id":426,"date":"2023-10-10T08:24:53","date_gmt":"2023-10-10T11:24:53","guid":{"rendered":"https:\/\/vbrand.tv\/?page_id=426"},"modified":"2023-11-01T12:50:13","modified_gmt":"2023-11-01T15:50:13","slug":"home","status":"publish","type":"page","link":"https:\/\/vbrand.tv\/","title":{"rendered":"Home"},"content":{"rendered":"<p>[vc_row full_width=&#8221;stretch_row&#8221; awb_type=&#8221;color&#8221; awb_color=&#8221;#e5d4c5&#8243; css=&#8221;.vc_custom_1604165416933{padding-top: 60px !important;padding-bottom: 50px !important;}&#8221;][vc_column css=&#8221;.vc_custom_1604165917619{padding-top: 10px !important;}&#8221;]<div class='text-dark-4 h2 text-xs-center '>N\u00f3s acreditamos no poder do entretenimento de marca.<\/div>[\/vc_column][\/vc_row][vc_row full_width=&#8221;stretch_row&#8221; awb_type=&#8221;image&#8221; awb_image_background_position=&#8221;50% 50%&#8221; awb_color=&#8221;rgba(209,123,48,0.47)&#8221; awb_parallax=&#8221;scroll&#8221; awb_parallax_speed=&#8221;0.5&#8243; awb_image=&#8221;261&#8243; css=&#8221;.vc_custom_1604617774731{margin-bottom: 0px !important;padding-top: 120px !important;padding-bottom: 0px !important;}&#8221; el_class=&#8221;text-white&#8221; el_id=&#8221;somos&#8221;][vc_column awb_type=&#8221;image&#8221; css=&#8221;.vc_custom_1604702298637{margin-bottom: 0px !important;}&#8221;][vc_row_inner equal_height=&#8221;yes&#8221; css=&#8221;.vc_custom_1604702145759{margin-bottom: 0px !important;padding-bottom: 0px !important;}&#8221;][vc_column_inner width=&#8221;1\/4&#8243; css=&#8221;.vc_custom_1604703801895{margin-bottom: 0px !important;}&#8221; offset=&#8221;vc_col-lg-3 vc_col-md-3 vc_col-sm-offset-0 vc_col-xs-12&#8243;]<h3 class='text-white h1 text-xs-left '>#1<\/h3>[vc_column_text css_animation=&#8221;fadeInLeft&#8221;]SOMOS UMA CONSULTORIA DE NEG\u00d3CIOS PARA BRANDED ENTERTAINMENT A PARTIR DO AUDIOVISUAL.[\/vc_column_text]<h3 class='text-white h1 text-xs-left '>#2<\/h3>[vc_column_text css_animation=&#8221;fadeInLeft&#8221; css=&#8221;.vc_custom_1604622088443{padding-bottom: 60px !important;}&#8221;]CONTE\u00daDO + GEST\u00c3O DE REPUTA\u00c7\u00c3O EST\u00c3O EM NOSSO DNA. SOMOS PARTE DO GRUPO INPRESS (OMNICOM).[\/vc_column_text][\/vc_column_inner][vc_column_inner width=&#8221;1\/2&#8243; offset=&#8221;vc_col-sm-offset-0 vc_hidden-xs&#8221; css=&#8221;.vc_custom_1604704248838{margin-bottom: 0px !important;}&#8221;][vc_column_text css=&#8221;.vc_custom_1604708572407{margin-bottom: 0px !important;padding-right: 20px !important;}&#8221;]<img decoding=\"async\" loading=\"lazy\" width=\"450\" height=\"700\" class=\"aligncenter wp-image-258 tel-foto\" src=\"https:\/\/vbrand.tv\/wp-content\/uploads\/2020\/11\/MOBILE-VIEW.png\" srcset=\"https:\/\/vbrand.tv\/wp-content\/uploads\/2020\/11\/MOBILE-VIEW.png 450w, https:\/\/vbrand.tv\/wp-content\/uploads\/2020\/11\/MOBILE-VIEW-193x300.png 193w\" sizes=\"(max-width: 450px) 100vw, 450px\" \/>[\/vc_column_text][\/vc_column_inner][vc_column_inner width=&#8221;1\/4&#8243;]<h3 class='text-white h1 text-xs-left '>#3<\/h3>[vc_column_text css_animation=&#8221;fadeInRight&#8221;]EMPREENDEMOS JUNTO AOS NOSSOS CLIENTES DE FORMA CONSULTIVA EM TODAS AS ETAPAS DO PROJETO: ESTRAT\u00c9GIA, PRODU\u00c7\u00c3O-EXECUTIVA, CONCEITUA\u00c7\u00c3O CRIATIVA, INTELIG\u00caNCIA DE DISTRIBUI\u00c7\u00c3O, CAUDA LONGA, AMPLIFICA\u00c7\u00c3O E FUNDING.[\/vc_column_text]<h3 class='text-white h1 text-xs-left '>#4<\/h3>[vc_column_text css_animation=&#8221;fadeInRight&#8221; css=&#8221;.vc_custom_1698781601602{margin-bottom: 0px !important;padding-bottom: 30px !important;}&#8221;]SOMOS PARCEIROS DAS PRINCIPAIS PRODUTORAS E PLATAFORMAS DE DISTRIBUI\u00c7\u00c3O NACIONAIS E INTERNACIONAIS.[\/vc_column_text][\/vc_column_inner][\/vc_row_inner][\/vc_column][\/vc_row][vc_row full_width=&#8221;stretch_row&#8221; equal_height=&#8221;yes&#8221; content_placement=&#8221;middle&#8221; awb_type=&#8221;color&#8221; awb_color=&#8221;#f4efe9&#8243; el_id=&#8221;como_fazemos&#8221; css=&#8221;.vc_custom_1604442922670{background-color: #f4efe9 !important;background-position: 0 0 !important;background-repeat: repeat !important;}&#8221;][vc_column][vc_row_inner equal_height=&#8221;yes&#8221; content_placement=&#8221;middle&#8221; gap=&#8221;20&#8243;][vc_column_inner width=&#8221;1\/2&#8243;][vc_column_text]<\/p>\n<p class=\"tam2\">COMO<\/p>\n<p class=\"tam1\" style=\"color: #ba9c91;\">FAZEMOS?<\/p>\n<p class=\"tam3\"><span style=\"color: #ba9c91;\">ENTRETENIMENTO<\/span> EM VEZ DE CONTE\u00daDO DE MARCA!<\/p>\n<p>[\/vc_column_text][\/vc_column_inner][vc_column_inner width=&#8221;1\/2&#8243;][vc_column_text]<span class=\"tam3 color-marrom-claro\">VIVEMOS NA ERA DA CONEX\u00c3O EMOCIONAL VERDADEIRA. DA EMPATIA E DA AUTENTICIDADE.<\/span><\/p>\n<p>Identificamos oportunidades na intersec\u00e7\u00e3o entre marcas, produtoras e janelas exibidoras e lideramos a co-cria\u00e7\u00e3o de projetos de entretenimento audiovisual.[\/vc_column_text][vc_single_image image=&#8221;235&#8243; img_size=&#8221;full&#8221; alignment=&#8221;center&#8221; css_animation=&#8221;fadeInRight&#8221;][\/vc_column_inner][\/vc_row_inner][\/vc_column][\/vc_row][vc_row full_width=&#8221;stretch_row&#8221; awb_type=&#8221;color&#8221; awb_color=&#8221;#ffffff&#8221; el_id=&#8221;clientes&#8221; css=&#8221;.vc_custom_1604618181191{margin-top: 0px !important;margin-bottom: 0px !important;padding-top: 60px !important;padding-bottom: 60px !important;}&#8221;][vc_column]<h2 class=' h1 text-xs-left vc_custom_1604161686031 '>Clientes<\/h2>[vc_row_inner content_placement=&#8221;middle&#8221;][vc_column_inner width=&#8221;1\/6&#8243; offset=&#8221;vc_col-xs-6&#8243;][vc_single_image image=&#8221;142&#8243; img_size=&#8221;full&#8221;][\/vc_column_inner][vc_column_inner width=&#8221;1\/6&#8243; offset=&#8221;vc_col-xs-6&#8243;][vc_single_image image=&#8221;143&#8243; img_size=&#8221;full&#8221;][\/vc_column_inner][vc_column_inner width=&#8221;1\/6&#8243; offset=&#8221;vc_col-xs-6&#8243;][vc_single_image image=&#8221;427&#8243; img_size=&#8221;full&#8221;][\/vc_column_inner][vc_column_inner width=&#8221;1\/6&#8243; offset=&#8221;vc_col-xs-6&#8243;][vc_single_image image=&#8221;145&#8243; img_size=&#8221;full&#8221;][\/vc_column_inner][vc_column_inner width=&#8221;1\/6&#8243; offset=&#8221;vc_col-xs-6&#8243;][vc_single_image image=&#8221;146&#8243; img_size=&#8221;full&#8221;][\/vc_column_inner][vc_column_inner width=&#8221;1\/6&#8243; offset=&#8221;vc_col-xs-6&#8243;][vc_single_image image=&#8221;292&#8243; img_size=&#8221;full&#8221;][\/vc_column_inner][\/vc_row_inner][vc_row_inner content_placement=&#8221;middle&#8221;][vc_column_inner width=&#8221;1\/6&#8243; offset=&#8221;vc_col-xs-6&#8243;][vc_single_image image=&#8221;408&#8243; img_size=&#8221;full&#8221;][\/vc_column_inner][vc_column_inner width=&#8221;1\/6&#8243; offset=&#8221;vc_col-xs-6&#8243;][vc_single_image image=&#8221;409&#8243; img_size=&#8221;full&#8221;][\/vc_column_inner][vc_column_inner width=&#8221;1\/6&#8243; offset=&#8221;vc_col-xs-6&#8243;][vc_single_image image=&#8221;410&#8243; img_size=&#8221;full&#8221;][\/vc_column_inner][vc_column_inner width=&#8221;1\/6&#8243; offset=&#8221;vc_col-xs-6&#8243;][vc_single_image image=&#8221;428&#8243; img_size=&#8221;full&#8221;][\/vc_column_inner][vc_column_inner width=&#8221;1\/6&#8243; offset=&#8221;vc_col-xs-6&#8243;][vc_single_image image=&#8221;429&#8243; img_size=&#8221;full&#8221;][\/vc_column_inner][vc_column_inner width=&#8221;1\/6&#8243; offset=&#8221;vc_col-xs-6&#8243;][\/vc_column_inner][\/vc_row_inner][\/vc_column][\/vc_row][vc_row full_width=&#8221;stretch_row_content_no_spaces&#8221; disable_element=&#8221;yes&#8221; awb_type=&#8221;color&#8221; awb_color=&#8221;#0a0505&#8243; el_id=&#8221;video_case&#8221; css=&#8221;.vc_custom_1604441460281{margin-bottom: 0px !important;padding-bottom: 0px !important;}&#8221;][vc_column][vc_row_inner equal_height=&#8221;yes&#8221; css=&#8221;.vc_custom_1604168725380{margin-top: 0px !important;margin-bottom: 0px !important;padding-top: 0px !important;padding-bottom: 0px !important;}&#8221;][vc_column_inner width=&#8221;1\/4&#8243; css=&#8221;.vc_custom_1604169061212{margin-bottom: 0px !important;padding-bottom: 0px !important;}&#8221;]<h2 class='text-white nk-title h1 text-xs-left vc_custom_1604169056389 '><span style=\"font-size: 4rem;\">PRONTO PARA DAR UM PLAY NO FUTURO?<\/span><\/h2>[\/vc_column_inner][vc_column_inner width=&#8221;3\/4&#8243; css=&#8221;.vc_custom_1604168043314{margin-bottom: 0px !important;padding-bottom: 0px !important;}&#8221;][vc_raw_html css=&#8221;.vc_custom_1604422750834{margin-top: 0px !important;margin-bottom: 0px !important;padding-top: 0px !important;padding-bottom: 0px !important;}&#8221;]JTNDJTIxLS0lM0NpZnJhbWUlMjBzcmMlM0QlMjJodHRwcyUzQSUyRiUyRnBsYXllci52aW1lby5jb20lMkZ2aWRlbyUyRjM5MTAxNjQwNyUyMiUyMHN0eWxlJTNEJTIyYm9yZGVyJTNBMHB4JTIwJTIzZmZmZmZmJTIwbm9uZSUzQiUyMiUyMG5hbWUlM0QlMjJteWlGcmFtZSUyMiUyMHNjcm9sbGluZyUzRCUyMnllcyUyMiUyMGZyYW1lYm9yZGVyJTNEJTIyMSUyMiUyMG1hcmdpbmhlaWdodCUzRCUyMjBweCUyMiUyMG1hcmdpbndpZHRoJTNEJTIyMHB4JTIyJTIwaGVpZ2h0JTNEJTIyMTAwJTI1cHglMjIlMjB3aWR0aCUzRCUyMjEwMCUyNXB4JTIyJTIwYWxsb3dmdWxsc2NyZWVuJTNFJTNDJTJGaWZyYW1lJTNFJTNDZGl2JTIwc3R5bGUlM0QlMjJwb3NpdGlvbiUzQSUyMGFic29sdXRlJTNCd2lkdGglM0ElMjA5MSUyNSUzQmJvdHRvbSUzQSUyMDRweCUzQmxlZnQlM0ElMjAwJTNCcmlnaHQlM0ElMjAwJTNCbWFyZ2luLWxlZnQlM0ElMjBhdXRvJTNCbWFyZ2luLXJpZ2h0JTNBJTIwYXV0byUzQmNvbG9yJTNBJTIwJTIzMDAwJTNCdGV4dC1hbGlnbiUzQSUyMGNlbnRlciUzQiUyMiUzRSUzQ3NtYWxsJTIwc3R5bGUlM0QlMjJsaW5lLWhlaWdodCUzQSUyMDEuMiUzQmZvbnQtc2l6ZSUzQSUyMDBweCUzQmJhY2tncm91bmQlM0ElMjAlMjNmZmYlM0IlMjIlM0UlMjAlM0NhJTIwaHJlZiUzRCUyMmh0dHBzJTNBJTJGJTJGdmltZW1iZWQuY29tJTJGJTIyJTIwcmVsJTNEJTIybm9mb2xsb3clMjIlM0VWaW1lbyUyMGVtYmVkJTIwY29kZSUzQyUyRmElM0UlMjAlM0MlMkZzbWFsbCUzRSUzQyUyRmRpdiUzRSUzQ3N0eWxlJTNFLmJveGVzMiU3QmhlaWdodCUzQTIxMnB4JTNCd2lkdGglM0EzMTZweCUzQiU3RCUyMCUyM25ldyUyMGltZyU3Qm1heC13aWR0aCUzQW5vbmUlMjFpbXBvcnRhbnQlM0JiYWNrZ3JvdW5kJTNBbm9uZSUyMWltcG9ydGFudCU3RCUzQyUyRnN0eWxlJTNFJTNDJTJGZGl2JTNFLS0lM0UlMEElMjAlMEElM0NpZnJhbWUlMjB3aWR0aCUzRCUyMjEwMCUyNSUyMiUyMGhlaWdodCUzRCUyMjEwMCUyNSUyMiUyMHNyYyUzRCUyMmh0dHBzJTNBJTJGJTJGd3d3LnlvdXR1YmUtbm9jb29raWUuY29tJTJGZW1iZWQlMkYxREl3aG9jaDRPVSUzRmNvbnRyb2xzJTNEMCUyMiUyMGZyYW1lYm9yZGVyJTNEJTIyMCUyMiUyMGFsbG93JTNEJTIyYWNjZWxlcm9tZXRlciUzQiUyMGF1dG9wbGF5JTNCJTIwY2xpcGJvYXJkLXdyaXRlJTNCJTIwZW5jcnlwdGVkLW1lZGlhJTNCJTIwZ3lyb3Njb3BlJTNCJTIwcGljdHVyZS1pbi1waWN0dXJlJTIyJTIwYWxsb3dmdWxsc2NyZWVuJTNFJTNDJTJGaWZyYW1lJTNF[\/vc_raw_html][\/vc_column_inner][\/vc_row_inner][\/vc_column][\/vc_row][vc_row full_width=&#8221;stretch_row&#8221; awb_type=&#8221;color&#8221; awb_color=&#8221;#ffffff&#8221; css=&#8221;.vc_custom_1604423081445{margin-top: 0px !important;margin-bottom: 0px !important;padding-top: 60px !important;padding-bottom: 60px !important;}&#8221; el_id=&#8221;parceiros&#8221;][vc_column]<h2 class=' h1 text-xs-left vc_custom_1604618065308 '>Produtoras parceiras<\/h2>[vc_row_inner content_placement=&#8221;middle&#8221;][vc_column_inner width=&#8221;1\/6&#8243; offset=&#8221;vc_hidden-xs&#8221;][vc_single_image image=&#8221;437&#8243;][\/vc_column_inner][vc_column_inner width=&#8221;1\/6&#8243; offset=&#8221;vc_col-xs-6&#8243;][vc_single_image image=&#8221;38&#8243; img_size=&#8221;full&#8221;][\/vc_column_inner][vc_column_inner width=&#8221;1\/6&#8243; offset=&#8221;vc_col-xs-6&#8243;][vc_single_image image=&#8221;322&#8243; img_size=&#8221;full&#8221;][\/vc_column_inner][vc_column_inner width=&#8221;1\/6&#8243; offset=&#8221;vc_col-xs-6&#8243;][vc_single_image image=&#8221;34&#8243; img_size=&#8221;full&#8221;][\/vc_column_inner][vc_column_inner width=&#8221;1\/6&#8243; offset=&#8221;vc_col-xs-6&#8243;][vc_single_image image=&#8221;32&#8243; img_size=&#8221;full&#8221;][\/vc_column_inner][\/vc_row_inner][\/vc_column][\/vc_row][vc_row full_width=&#8221;stretch_row&#8221; awb_type=&#8221;image&#8221; awb_image_background_position=&#8221;50% bottom&#8221; awb_parallax=&#8221;scroll&#8221; awb_parallax_speed=&#8221;0.5&#8243; css=&#8221;.vc_custom_1604619167732{margin-top: 0px !important;margin-bottom: 0px !important;padding-top: 90px !important;padding-bottom: 90px !important;}&#8221; el_id=&#8221;contato&#8221; awb_image=&#8221;282&#8243; el_class=&#8221;text-white&#8221;][vc_column]<h2 class='text-white h1 text-xs-center vc_custom_1604620210155 '><\/p>\n<p style=\"text-align: center;\">Quer saber mais sobre nossos projetos e como trabalhamos? Manda uma mensagem e marcamos um papo!<\/p>\n<p><\/h2>[vc_row_inner el_class=&#8221;text-white&#8221;][vc_column_inner][vc_column_text]<\/p>\n<p style=\"text-align: center;\"><a style=\"text-decoration: none; color: #fff;\" href=\"mailto:contato@vbrand.tv\">contato@vbrand.tv<\/a><\/p>\n<p style=\"text-align: center;\"><a href=\"https:\/\/www.linkedin.com\/company\/vbrand-grupo-in-press-\"><img decoding=\"async\" loading=\"lazy\" src=\"https:\/\/vbrand.tv\/wp-content\/uploads\/2020\/11\/linkedin-ico.png\" alt=\"linkedin\" width=\"40\" height=\"40\" \/><\/a><\/p>\n<p>[\/vc_column_text][\/vc_column_inner][\/vc_row_inner][vc_row_inner][vc_column_inner][vc_column_text el_class=&#8221;text-white&#8221;]<\/p>\n<p style=\"text-align: center;\">RIO DE JANEIRO<\/p>\n<p>[\/vc_column_text][\/vc_column_inner][\/vc_row_inner][vc_row_inner content_placement=&#8221;middle&#8221; css=&#8221;.vc_custom_1604619969034{margin-top: 25px !important;}&#8221;][vc_column_inner][vc_column_text]<\/p>\n<p style=\"font-size: 80%; text-align: center;\">2023 \u00a9 Design by <a href=\"https:\/\/agenciaepk.com.br\/\">EPK.<\/a><\/p>\n<p>[\/vc_column_text][\/vc_column_inner][\/vc_row_inner][\/vc_column][\/vc_row]<\/p>\n","protected":false},"excerpt":{"rendered":"<p>[vc_row full_width=&#8221;stretch_row&#8221; awb_type=&#8221;color&#8221; awb_color=&#8221;#e5d4c5&#8243; css=&#8221;.vc_custom_1604165416933{padding-top: 60px !important;padding-bottom: 50px !important;}&#8221;][vc_column css=&#8221;.vc_custom_1604165917619{padding-top: 10px !important;}&#8221;][\/vc_column][\/vc_row][vc_row full_width=&#8221;stretch_row&#8221; awb_type=&#8221;image&#8221; awb_image_background_position=&#8221;50% 50%&#8221; awb_color=&#8221;rgba(209,123,48,0.47)&#8221; awb_parallax=&#8221;scroll&#8221; awb_parallax_speed=&#8221;0.5&#8243; awb_image=&#8221;261&#8243; css=&#8221;.vc_custom_1604617774731{margin-bottom: 0px !important;padding-top: 120px !important;padding-bottom: 0px !important;}&#8221; el_class=&#8221;text-white&#8221; el_id=&#8221;somos&#8221;][vc_column awb_type=&#8221;image&#8221; css=&#8221;.vc_custom_1604702298637{margin-bottom: 0px !important;}&#8221;][vc_row_inner equal_height=&#8221;yes&#8221; css=&#8221;.vc_custom_1604702145759{margin-bottom: 0px !important;padding-bottom: 0px !important;}&#8221;][vc_column_inner width=&#8221;1\/4&#8243; css=&#8221;.vc_custom_1604703801895{margin-bottom: 0px !important;}&#8221; offset=&#8221;vc_col-lg-3 vc_col-md-3 vc_col-sm-offset-0 vc_col-xs-12&#8243;][vc_column_text css_animation=&#8221;fadeInLeft&#8221;]SOMOS UMA CONSULTORIA DE NEG\u00d3CIOS PARA BRANDED ENTERTAINMENT [&hellip;]<\/p>\n","protected":false},"author":5,"featured_media":256,"parent":0,"menu_order":0,"comment_status":"closed","ping_status":"closed","template":"","meta":{"_vp_format_video_url":"","_vp_image_focal_point":[]},"yoast_head":"<!-- This site is optimized with the Yoast SEO plugin v20.7 - https:\/\/yoast.com\/wordpress\/plugins\/seo\/ -->\n<title>Home - Vbrand.TV<\/title>\n<meta name=\"description\" content=\"A Vbrand (Grupo InPress) \u00e9 uma consultoria de neg\u00f3cios para o brand entertainment a partir do audiovisual.\" \/>\n<meta name=\"robots\" content=\"index, follow, max-snippet:-1, max-image-preview:large, max-video-preview:-1\" \/>\n<link rel=\"canonical\" href=\"https:\/\/vbrand.tv\/\" \/>\n<meta property=\"og:locale\" content=\"pt_BR\" \/>\n<meta property=\"og:type\" content=\"article\" \/>\n<meta property=\"og:title\" content=\"Home - Vbrand.TV\" \/>\n<meta property=\"og:description\" content=\"A Vbrand (Grupo InPress) \u00e9 uma consultoria de neg\u00f3cios para o brand entertainment a partir do audiovisual.\" \/>\n<meta property=\"og:url\" content=\"https:\/\/vbrand.tv\/\" \/>\n<meta property=\"og:site_name\" content=\"Vbrand.TV\" \/>\n<meta property=\"article:modified_time\" content=\"2023-11-01T15:50:13+00:00\" \/>\n<meta property=\"og:image\" content=\"https:\/\/vbrand.tv\/wp-content\/uploads\/2020\/11\/bg-banner.jpg\" \/>\n\t<meta property=\"og:image:width\" content=\"1800\" \/>\n\t<meta property=\"og:image:height\" content=\"911\" \/>\n\t<meta property=\"og:image:type\" content=\"image\/jpeg\" \/>\n<meta name=\"twitter:card\" content=\"summary_large_image\" \/>\n<meta name=\"twitter:label1\" content=\"Est. tempo de leitura\" \/>\n\t<meta name=\"twitter:data1\" content=\"7 minutos\" \/>\n<script type=\"application\/ld+json\" class=\"yoast-schema-graph\">{\"@context\":\"https:\/\/schema.org\",\"@graph\":[{\"@type\":\"WebPage\",\"@id\":\"https:\/\/vbrand.tv\/\",\"url\":\"https:\/\/vbrand.tv\/\",\"name\":\"Home - Vbrand.TV\",\"isPartOf\":{\"@id\":\"https:\/\/vbrand.tv\/#website\"},\"datePublished\":\"2023-10-10T11:24:53+00:00\",\"dateModified\":\"2023-11-01T15:50:13+00:00\",\"description\":\"A Vbrand (Grupo InPress) \u00e9 uma consultoria de neg\u00f3cios para o brand entertainment a partir do audiovisual.\",\"breadcrumb\":{\"@id\":\"https:\/\/vbrand.tv\/#breadcrumb\"},\"inLanguage\":\"pt-BR\",\"potentialAction\":[{\"@type\":\"ReadAction\",\"target\":[\"https:\/\/vbrand.tv\/\"]}]},{\"@type\":\"BreadcrumbList\",\"@id\":\"https:\/\/vbrand.tv\/#breadcrumb\",\"itemListElement\":[{\"@type\":\"ListItem\",\"position\":1,\"name\":\"In\u00edcio\",\"item\":\"https:\/\/vbrand.tv\/\"},{\"@type\":\"ListItem\",\"position\":2,\"name\":\"Home\"}]},{\"@type\":\"WebSite\",\"@id\":\"https:\/\/vbrand.tv\/#website\",\"url\":\"https:\/\/vbrand.tv\/\",\"name\":\"Vbrand.TV\",\"description\":\"\",\"publisher\":{\"@id\":\"https:\/\/vbrand.tv\/#organization\"},\"potentialAction\":[{\"@type\":\"SearchAction\",\"target\":{\"@type\":\"EntryPoint\",\"urlTemplate\":\"https:\/\/vbrand.tv\/?s={search_term_string}\"},\"query-input\":\"required name=search_term_string\"}],\"inLanguage\":\"pt-BR\"},{\"@type\":\"Organization\",\"@id\":\"https:\/\/vbrand.tv\/#organization\",\"name\":\"VBrand\",\"url\":\"https:\/\/vbrand.tv\/\",\"logo\":{\"@type\":\"ImageObject\",\"inLanguage\":\"pt-BR\",\"@id\":\"https:\/\/vbrand.tv\/#\/schema\/logo\/image\/\",\"url\":\"https:\/\/vbrand.tv.br\/wp-content\/uploads\/2020\/10\/LogoVbrand2019.png\",\"contentUrl\":\"https:\/\/vbrand.tv.br\/wp-content\/uploads\/2020\/10\/LogoVbrand2019.png\",\"width\":683,\"height\":160,\"caption\":\"VBrand\"},\"image\":{\"@id\":\"https:\/\/vbrand.tv\/#\/schema\/logo\/image\/\"}}]}<\/script>\n<!-- \/ Yoast SEO plugin. -->","yoast_head_json":{"title":"Home - Vbrand.TV","description":"A Vbrand (Grupo InPress) \u00e9 uma consultoria de neg\u00f3cios para o brand entertainment a partir do audiovisual.","robots":{"index":"index","follow":"follow","max-snippet":"max-snippet:-1","max-image-preview":"max-image-preview:large","max-video-preview":"max-video-preview:-1"},"canonical":"https:\/\/vbrand.tv\/","og_locale":"pt_BR","og_type":"article","og_title":"Home - Vbrand.TV","og_description":"A Vbrand (Grupo InPress) \u00e9 uma consultoria de neg\u00f3cios para o brand entertainment a partir do audiovisual.","og_url":"https:\/\/vbrand.tv\/","og_site_name":"Vbrand.TV","article_modified_time":"2023-11-01T15:50:13+00:00","og_image":[{"width":1800,"height":911,"url":"https:\/\/vbrand.tv\/wp-content\/uploads\/2020\/11\/bg-banner.jpg","type":"image\/jpeg"}],"twitter_card":"summary_large_image","twitter_misc":{"Est. tempo de leitura":"7 minutos"},"schema":{"@context":"https:\/\/schema.org","@graph":[{"@type":"WebPage","@id":"https:\/\/vbrand.tv\/","url":"https:\/\/vbrand.tv\/","name":"Home - Vbrand.TV","isPartOf":{"@id":"https:\/\/vbrand.tv\/#website"},"datePublished":"2023-10-10T11:24:53+00:00","dateModified":"2023-11-01T15:50:13+00:00","description":"A Vbrand (Grupo InPress) \u00e9 uma consultoria de neg\u00f3cios para o brand entertainment a partir do audiovisual.","breadcrumb":{"@id":"https:\/\/vbrand.tv\/#breadcrumb"},"inLanguage":"pt-BR","potentialAction":[{"@type":"ReadAction","target":["https:\/\/vbrand.tv\/"]}]},{"@type":"BreadcrumbList","@id":"https:\/\/vbrand.tv\/#breadcrumb","itemListElement":[{"@type":"ListItem","position":1,"name":"In\u00edcio","item":"https:\/\/vbrand.tv\/"},{"@type":"ListItem","position":2,"name":"Home"}]},{"@type":"WebSite","@id":"https:\/\/vbrand.tv\/#website","url":"https:\/\/vbrand.tv\/","name":"Vbrand.TV","description":"","publisher":{"@id":"https:\/\/vbrand.tv\/#organization"},"potentialAction":[{"@type":"SearchAction","target":{"@type":"EntryPoint","urlTemplate":"https:\/\/vbrand.tv\/?s={search_term_string}"},"query-input":"required name=search_term_string"}],"inLanguage":"pt-BR"},{"@type":"Organization","@id":"https:\/\/vbrand.tv\/#organization","name":"VBrand","url":"https:\/\/vbrand.tv\/","logo":{"@type":"ImageObject","inLanguage":"pt-BR","@id":"https:\/\/vbrand.tv\/#\/schema\/logo\/image\/","url":"https:\/\/vbrand.tv.br\/wp-content\/uploads\/2020\/10\/LogoVbrand2019.png","contentUrl":"https:\/\/vbrand.tv.br\/wp-content\/uploads\/2020\/10\/LogoVbrand2019.png","width":683,"height":160,"caption":"VBrand"},"image":{"@id":"https:\/\/vbrand.tv\/#\/schema\/logo\/image\/"}}]}},"_links":{"self":[{"href":"https:\/\/vbrand.tv\/index.php?rest_route=\/wp\/v2\/pages\/426"}],"collection":[{"href":"https:\/\/vbrand.tv\/index.php?rest_route=\/wp\/v2\/pages"}],"about":[{"href":"https:\/\/vbrand.tv\/index.php?rest_route=\/wp\/v2\/types\/page"}],"author":[{"embeddable":true,"href":"https:\/\/vbrand.tv\/index.php?rest_route=\/wp\/v2\/users\/5"}],"replies":[{"embeddable":true,"href":"https:\/\/vbrand.tv\/index.php?rest_route=%2Fwp%2Fv2%2Fcomments&post=426"}],"version-history":[{"count":9,"href":"https:\/\/vbrand.tv\/index.php?rest_route=\/wp\/v2\/pages\/426\/revisions"}],"predecessor-version":[{"id":443,"href":"https:\/\/vbrand.tv\/index.php?rest_route=\/wp\/v2\/pages\/426\/revisions\/443"}],"wp:featuredmedia":[{"embeddable":true,"href":"https:\/\/vbrand.tv\/index.php?rest_route=\/wp\/v2\/media\/256"}],"wp:attachment":[{"href":"https:\/\/vbrand.tv\/index.php?rest_route=%2Fwp%2Fv2%2Fmedia&parent=426"}],"curies":[{"name":"wp","href":"https:\/\/api.w.org\/{rel}","templated":true}]}}